{"id":3,"date":"2019-02-07T17:08:41","date_gmt":"2019-02-07T16:08:41","guid":{"rendered":"https:\/\/demo2357.pernice.it\/?page_id=3"},"modified":"2022-04-12T10:54:31","modified_gmt":"2022-04-12T08:54:31","slug":"privacy-policy","status":"publish","type":"page","link":"https:\/\/www.la-braseria.com\/en\/privacy-policy\/","title":{"rendered":"Privacy Policy"},"content":{"rendered":"\t\t<div data-elementor-type=\"wp-post\" data-elementor-id=\"3\" class=\"elementor elementor-3\" data-elementor-post-type=\"page\">\n\t\t\t\t\t\t<section class=\"elementor-section elementor-top-section elementor-element elementor-element-b6db180 elementor-section-boxed elementor-section-height-default elementor-section-height-default\" data-id=\"b6db180\" data-element_type=\"section\" data-e-type=\"section\">\n\t\t\t\t\t\t<div class=\"elementor-container elementor-column-gap-default\">\n\t\t\t\t\t<div class=\"elementor-column elementor-col-100 elementor-top-column elementor-element elementor-element-9561d0e\" data-id=\"9561d0e\" data-element_type=\"column\" data-e-type=\"column\">\n\t\t\t<div class=\"elementor-widget-wrap elementor-element-populated\">\n\t\t\t\t\t\t<div class=\"elementor-element elementor-element-357870e elementor-widget elementor-widget-heading\" data-id=\"357870e\" data-element_type=\"widget\" data-e-type=\"widget\" data-widget_type=\"heading.default\">\n\t\t\t\t<div class=\"elementor-widget-container\">\n\t\t\t\t\t<h2 class=\"elementor-heading-title elementor-size-default\">Privacy Policy\n<\/h2>\t\t\t\t<\/div>\n\t\t\t\t<\/div>\n\t\t\t\t<div class=\"elementor-element elementor-element-78c1aec elementor-widget elementor-widget-text-editor\" data-id=\"78c1aec\" data-element_type=\"widget\" data-e-type=\"widget\" data-widget_type=\"text-editor.default\">\n\t\t\t\t<div class=\"elementor-widget-container\">\n\t\t\t\t\t\t\t\t\t<p>Informativa ex articolo 13 del decreto legislativo 30 giugno 2003, n. 196 Ai sensi del d.lgs n. 196 del , Vi informiamo che i dati personali forniti dall&#8217;utente saranno raccolti e trattati da MG Ristorazione con modalit\u00e0 informatiche e\/o cartacee, per essere utilizzati:<\/p>\n<ol>\n<li>per la raccolta di informazioni necessarie all&#8217;assolvimento dei servizi richiesti;<\/li>\n<li>per l&#8217;adempimento di ogni obbligo di legge, di quanto disposto da Autorit\u00e0 e Organi di vigilanza o da prassi amministrative;<\/li>\n<li>per finalit\u00e0 funzionali all&#8217;attivit\u00e0 svolta da MG Ristorazione s.r.l., quali la rilevazione del grado di soddisfazione dei propri utenti sulla qualit\u00e0 dei servizi resi, la promozione di eventi, l&#8217;elaborazione di studi e ricerche di mercato, lo svolgimento di attivit\u00e0 di pubbliche relazionie per finalit\u00e0 informative, statistiche o scientifiche, anche via fax e e-mail.<\/li>\n<\/ol>\n<p>I dati forniti potrebbero altres\u00ec essere comunicati a soggetti terzi per le finalit\u00e0 di cui sopra.<\/p>\n<p>Ai sensi dell&#8217;articolo 7 del d.lgs n. 196 del 2003, in qualsiasi momento l&#8217;utente potr\u00e0 chiedere per iscritto informazioni in merito ai dati trattati e archiviati, chiederne il loro aggiornamento, la loro rettificazione, la loro integrazione e, ricorrendone gli estremi, la loro cancellazione o il loro blocco, nonch\u00e9 esercitare gli altri diritti dal medesimo articolo previsti, utilizzando la funzione &#8220;profilo utente&#8221; nell&#8217;area riservata.<\/p>\n<p>Si informa che la comunicazionedei dati \u00e8 facoltativa ma che, la mancanza di essa, o la modifica e\/o cancellazione dall&#8217;archivio dei dati, potrebbe limitare, impedire o inibire l&#8217;invio dei servizi richiesti.<\/p>\n<p>Il titolare del trattamento \u00e8 MG Ristorazione s.r.l.<\/p>\n<p>E-mail:\u00a0<span id=\"cloak20743\"><a href=\"mailto:info@la.braseria.com\">info@la-braseria.com<\/a><\/span><\/p>\t\t\t\t\t\t\t\t<\/div>\n\t\t\t\t<\/div>\n\t\t\t\t\t<\/div>\n\t\t<\/div>\n\t\t\t\t\t<\/div>\n\t\t<\/section>\n\t\t\t\t<\/div>\n\t\t","protected":false},"excerpt":{"rendered":"<p>Privacy Policy Informativa ex articolo 13 del decreto legislativo 30 giugno 2003, n. 196 Ai sensi del d.lgs n. 196 del , Vi informiamo che i dati personali forniti dall&#8217;utente saranno raccolti e trattati da MG Ristorazione con modalit\u00e0 informatiche e\/o cartacee, per essere utilizzati: per la raccolta di informazioni necessarie all&#8217;assolvimento dei servizi richiesti; [&hellip;]<\/p>\n","protected":false},"author":11,"featured_media":4128,"parent":0,"menu_order":0,"comment_status":"closed","ping_status":"open","template":"","meta":{"_acf_changed":false,"footnotes":""},"class_list":["post-3","page","type-page","status-publish","has-post-thumbnail","hentry"],"acf":[],"_links":{"self":[{"href":"https:\/\/www.la-braseria.com\/en\/wp-json\/wp\/v2\/pages\/3","targetHints":{"allow":["GET"]}}],"collection":[{"href":"https:\/\/www.la-braseria.com\/en\/wp-json\/wp\/v2\/pages"}],"about":[{"href":"https:\/\/www.la-braseria.com\/en\/wp-json\/wp\/v2\/types\/page"}],"author":[{"embeddable":true,"href":"https:\/\/www.la-braseria.com\/en\/wp-json\/wp\/v2\/users\/11"}],"replies":[{"embeddable":true,"href":"https:\/\/www.la-braseria.com\/en\/wp-json\/wp\/v2\/comments?post=3"}],"version-history":[{"count":4,"href":"https:\/\/www.la-braseria.com\/en\/wp-json\/wp\/v2\/pages\/3\/revisions"}],"predecessor-version":[{"id":5061,"href":"https:\/\/www.la-braseria.com\/en\/wp-json\/wp\/v2\/pages\/3\/revisions\/5061"}],"wp:featuredmedia":[{"embeddable":true,"href":"https:\/\/www.la-braseria.com\/en\/wp-json\/wp\/v2\/media\/4128"}],"wp:attachment":[{"href":"https:\/\/www.la-braseria.com\/en\/wp-json\/wp\/v2\/media?parent=3"}],"curies":[{"name":"wp","href":"https:\/\/api.w.org\/{rel}","templated":true}]}}